{"id":25217,"date":"2024-01-04T17:23:21","date_gmt":"2024-01-04T16:23:21","guid":{"rendered":"https:\/\/www.tourmontparnasse56.com\/voyage-dans-le-temps-a-paris\/"},"modified":"2024-07-12T16:20:21","modified_gmt":"2024-07-12T14:20:21","slug":"voyage-dans-le-temps-a-paris","status":"publish","type":"page","link":"https:\/\/www.tourmontparnasse56.com\/fr\/voyage-dans-le-temps-a-paris\/","title":{"rendered":"Voyage virtuel"},"content":{"rendered":"\t\t<div data-elementor-type=\"wp-page\" data-elementor-id=\"25217\" class=\"elementor elementor-25217 elementor-22821\" data-elementor-post-type=\"page\">\n\t\t\t\t<div class=\"elementor-element elementor-element-1b53e87 e-flex e-con-boxed e-con e-parent\" data-id=\"1b53e87\" data-element_type=\"container\" data-e-type=\"container\" data-settings=\"{&quot;background_background&quot;:&quot;classic&quot;,&quot;jet_parallax_layout_list&quot;:[]}\">\n\t\t\t\t\t<div class=\"e-con-inner\">\n\t\t\t\t<div class=\"elementor-element elementor-element-a08a8f1 elementor-invisible elementor-widget elementor-widget-heading\" data-id=\"a08a8f1\" data-element_type=\"widget\" data-e-type=\"widget\" data-settings=\"{&quot;_animation&quot;:&quot;fadeInUp&quot;}\" data-widget_type=\"heading.default\">\n\t\t\t\t<div class=\"elementor-widget-container\">\n\t\t\t\t\t<h1 class=\"elementor-heading-title elementor-size-default\">Paris, un voyage dans le temps unique<\/h1>\t\t\t\t<\/div>\n\t\t\t\t<\/div>\n\t\t\t\t<div class=\"elementor-element elementor-element-f3c394f elementor-widget__width-initial elementor-invisible elementor-widget elementor-widget-text-editor\" data-id=\"f3c394f\" data-element_type=\"widget\" data-e-type=\"widget\" data-settings=\"{&quot;_animation&quot;:&quot;fadeInUp&quot;,&quot;_animation_delay&quot;:200}\" data-widget_type=\"text-editor.default\">\n\t\t\t\t<div class=\"elementor-widget-container\">\n\t\t\t\t\t\t\t\t\t<p>Remontez le temps jusqu&rsquo;\u00e0 l&rsquo;Antiquit\u00e9 et d\u00e9couvrez l&rsquo;histoire de Paris avec la r\u00e9alit\u00e9 virtuelle au rendu \u00e9poustouflant.<\/p>\n\t\t\t\t\t\t\t\t<\/div>\n\t\t\t\t<\/div>\n\t\t\t\t<div class=\"elementor-element elementor-element-31aa3d1 elementor-align-center elementor-invisible elementor-widget elementor-widget-button\" data-id=\"31aa3d1\" data-element_type=\"widget\" data-e-type=\"widget\" data-settings=\"{&quot;_animation&quot;:&quot;fadeInUp&quot;,&quot;_animation_delay&quot;:400}\" data-widget_type=\"button.default\">\n\t\t\t\t<div class=\"elementor-widget-container\">\n\t\t\t\t\t\t\t\t\t<div class=\"elementor-button-wrapper\">\n\t\t\t\t\t<a class=\"elementor-button elementor-button-link elementor-size-sm\" href=\"#ontdek\">\n\t\t\t\t\t\t<span class=\"elementor-button-content-wrapper\">\n\t\t\t\t\t\t\t\t\t<span class=\"elementor-button-text\">En savoir plus<\/span>\n\t\t\t\t\t<\/span>\n\t\t\t\t\t<\/a>\n\t\t\t\t<\/div>\n\t\t\t\t\t\t\t\t<\/div>\n\t\t\t\t<\/div>\n\t\t\t\t\t<\/div>\n\t\t\t\t<\/div>\n\t\t<div class=\"elementor-element elementor-element-684f380 e-flex e-con-boxed e-con e-parent\" data-id=\"684f380\" data-element_type=\"container\" data-e-type=\"container\" id=\"ontdek\" data-settings=\"{&quot;background_background&quot;:&quot;classic&quot;,&quot;jet_parallax_layout_list&quot;:[]}\">\n\t\t\t\t\t<div class=\"e-con-inner\">\n\t\t\t\t<div class=\"elementor-element elementor-element-5a466c6 elementor-invisible elementor-widget elementor-widget-heading\" data-id=\"5a466c6\" data-element_type=\"widget\" data-e-type=\"widget\" data-settings=\"{&quot;_animation&quot;:&quot;fadeInUp&quot;}\" data-widget_type=\"heading.default\">\n\t\t\t\t<div class=\"elementor-widget-container\">\n\t\t\t\t\t<h2 class=\"elementor-heading-title elementor-size-default\">PARIS \u00c0 TRAVERS LES \u00c2GES<\/h2>\t\t\t\t<\/div>\n\t\t\t\t<\/div>\n\t\t\t\t<div class=\"elementor-element elementor-element-728bc48 elementor-widget__width-initial elementor-invisible elementor-widget elementor-widget-text-editor\" data-id=\"728bc48\" data-element_type=\"widget\" data-e-type=\"widget\" data-settings=\"{&quot;_animation&quot;:&quot;fadeInUp&quot;,&quot;_animation_delay&quot;:200}\" data-widget_type=\"text-editor.default\">\n\t\t\t\t<div class=\"elementor-widget-container\">\n\t\t\t\t\t\t\t\t\t<p class=\"gallery-desc\">L&rsquo;Observatoire de Paris Montparnasse pr\u00e9sente une exp\u00e9rience innovante et accessible \u00e0 tous les visiteurs : un voyage dans le temps au c\u0153ur de l&rsquo;histoire de Paris en r\u00e9alit\u00e9 virtuelle.<\/p>\n<p class=\"gallery-desc\">Compos\u00e9e de 4 bornes de r\u00e9alit\u00e9 virtuelle en acc\u00e8s libre et d&rsquo;une vid\u00e9o diffus\u00e9e sur un \u00e9cran g\u00e9ant au 56\u00e8me \u00e9tage, la visite de l&rsquo;Observatoire emm\u00e8ne les visiteurs au c\u0153ur de la ville, de son histoire et de son \u00e9volution, avec des images \u00e0 couper le souffle et un design sonore enveloppant. Les quatre \u00e9poques parisiennes retenues ont marqu\u00e9 la ville et le paysage en porte les traces aujourd&rsquo;hui encore.<\/p>\n\t\t\t\t\t\t\t\t<\/div>\n\t\t\t\t<\/div>\n\t\t\t\t<div class=\"elementor-element elementor-element-b677a91 elementor-invisible elementor-widget elementor-widget-template\" data-id=\"b677a91\" data-element_type=\"widget\" data-e-type=\"widget\" data-settings=\"{&quot;_animation&quot;:&quot;fadeInUp&quot;,&quot;_animation_delay&quot;:300}\" data-widget_type=\"template.default\">\n\t\t\t\t<div class=\"elementor-widget-container\">\n\t\t\t\t\t\t\t<div class=\"elementor-template\">\n\t\t\t\t\t<div data-elementor-type=\"container\" data-elementor-id=\"25033\" class=\"elementor elementor-25033 elementor-23594 elementor-23594\" data-elementor-post-type=\"elementor_library\">\n\t\t\t\t<div class=\"elementor-element elementor-element-eb4417d e-flex e-con-boxed e-con e-parent\" data-id=\"eb4417d\" data-element_type=\"container\" data-e-type=\"container\" data-settings=\"{&quot;jet_parallax_layout_list&quot;:[]}\">\n\t\t\t\t\t<div class=\"e-con-inner\">\n\t\t\t\t<div class=\"elementor-element elementor-element-1402ef2 e-grid-align-left elementor-shape-rounded elementor-grid-0 elementor-widget elementor-widget-social-icons\" data-id=\"1402ef2\" data-element_type=\"widget\" data-e-type=\"widget\" data-widget_type=\"social-icons.default\">\n\t\t\t\t<div class=\"elementor-widget-container\">\n\t\t\t\t\t\t\t<div class=\"elementor-social-icons-wrapper elementor-grid\" role=\"list\">\n\t\t\t\t\t\t\t<span class=\"elementor-grid-item\" role=\"listitem\">\n\t\t\t\t\t<a class=\"elementor-icon elementor-social-icon elementor-social-icon-tiktok elementor-repeater-item-4cc61f6\" href=\"https:\/\/www.tiktok.com\/@tourmontparnasse\" target=\"_blank\" rel=\"noopener\">\n\t\t\t\t\t\t<span class=\"elementor-screen-only\">Tiktok<\/span>\n\t\t\t\t\t\t<i aria-hidden=\"true\" class=\"fab fa-tiktok\"><\/i>\t\t\t\t\t<\/a>\n\t\t\t\t<\/span>\n\t\t\t\t\t\t\t<span class=\"elementor-grid-item\" role=\"listitem\">\n\t\t\t\t\t<a class=\"elementor-icon elementor-social-icon elementor-social-icon-facebook elementor-repeater-item-d6c5333\" href=\"https:\/\/www.facebook.com\/parismontparnasse.topofthecity\" target=\"_blank\" rel=\"noopener\">\n\t\t\t\t\t\t<span class=\"elementor-screen-only\">Facebook<\/span>\n\t\t\t\t\t\t<i aria-hidden=\"true\" class=\"fab fa-facebook\"><\/i>\t\t\t\t\t<\/a>\n\t\t\t\t<\/span>\n\t\t\t\t\t\t\t<span class=\"elementor-grid-item\" role=\"listitem\">\n\t\t\t\t\t<a class=\"elementor-icon elementor-social-icon elementor-social-icon-youtube elementor-repeater-item-db6053b\" href=\"https:\/\/www.youtube.com\/channel\/UC-DGjtcs9GvVZTq2e0RehBQ\" target=\"_blank\" rel=\"noopener\">\n\t\t\t\t\t\t<span class=\"elementor-screen-only\">Youtube<\/span>\n\t\t\t\t\t\t<i aria-hidden=\"true\" class=\"fab fa-youtube\"><\/i>\t\t\t\t\t<\/a>\n\t\t\t\t<\/span>\n\t\t\t\t\t\t\t<span class=\"elementor-grid-item\" role=\"listitem\">\n\t\t\t\t\t<a class=\"elementor-icon elementor-social-icon elementor-social-icon-tripadvisor elementor-repeater-item-35c1b89\" href=\"https:\/\/www.tripadvisor.fr\/Attraction_Review-g187147-d314450-Reviews-Observatoire_Panoramique_de_la_Tour_Montparnasse-Paris_Ile_de_France.html\" target=\"_blank\" rel=\"noopener\">\n\t\t\t\t\t\t<span class=\"elementor-screen-only\">Tripadvisor<\/span>\n\t\t\t\t\t\t<i aria-hidden=\"true\" class=\"fab fa-tripadvisor\"><\/i>\t\t\t\t\t<\/a>\n\t\t\t\t<\/span>\n\t\t\t\t\t<\/div>\n\t\t\t\t\t\t<\/div>\n\t\t\t\t<\/div>\n\t\t\t\t\t<\/div>\n\t\t\t\t<\/div>\n\t\t\t\t<\/div>\n\t\t\t\t<\/div>\n\t\t\t\t\t\t<\/div>\n\t\t\t\t<\/div>\n\t\t\t\t<div class=\"elementor-element elementor-element-cb16253 elementor-invisible elementor-widget elementor-widget-video\" data-id=\"cb16253\" data-element_type=\"widget\" data-e-type=\"widget\" data-settings=\"{&quot;youtube_url&quot;:&quot;https:\\\/\\\/youtu.be\\\/PWGmootikug?feature=shared&quot;,&quot;_animation&quot;:&quot;fadeInUp&quot;,&quot;_animation_delay&quot;:600,&quot;autoplay&quot;:&quot;yes&quot;,&quot;mute&quot;:&quot;yes&quot;,&quot;loop&quot;:&quot;yes&quot;,&quot;show_image_overlay&quot;:&quot;yes&quot;,&quot;image_overlay&quot;:{&quot;url&quot;:&quot;https:\\\/\\\/www.tourmontparnasse56.com\\\/wp-content\\\/uploads\\\/2024\\\/02\\\/c4253d0082980233a40f7130e7d56a93.jpg&quot;,&quot;id&quot;:23527,&quot;size&quot;:&quot;&quot;,&quot;alt&quot;:&quot;&quot;,&quot;source&quot;:&quot;library&quot;},&quot;video_type&quot;:&quot;youtube&quot;,&quot;controls&quot;:&quot;yes&quot;}\" data-widget_type=\"video.default\">\n\t\t\t\t<div class=\"elementor-widget-container\">\n\t\t\t\t\t\t\t<div class=\"elementor-wrapper elementor-open-inline\">\n\t\t\t<div class=\"elementor-video\"><\/div>\t\t\t\t<div class=\"elementor-custom-embed-image-overlay\" style=\"background-image: url(https:\/\/www.tourmontparnasse56.com\/wp-content\/uploads\/2024\/02\/c4253d0082980233a40f7130e7d56a93.jpg);\">\n\t\t\t\t\t\t\t\t\t\t\t\t\t\t\t\t<div class=\"elementor-custom-embed-play\" role=\"button\" aria-label=\"Lire la vid\u00e9o\" tabindex=\"0\">\n\t\t\t\t\t\t\t<i aria-hidden=\"true\" class=\"eicon-play\"><\/i>\t\t\t\t\t\t<\/div>\n\t\t\t\t\t\t\t\t\t<\/div>\n\t\t\t\t\t<\/div>\n\t\t\t\t\t\t<\/div>\n\t\t\t\t<\/div>\n\t\t\t\t\t<\/div>\n\t\t\t\t<\/div>\n\t\t<div class=\"elementor-element elementor-element-d3edfed e-con-full full-width-left e-flex e-con e-parent\" data-id=\"d3edfed\" data-element_type=\"container\" data-e-type=\"container\" data-settings=\"{&quot;background_background&quot;:&quot;classic&quot;,&quot;jet_parallax_layout_list&quot;:[]}\">\n\t\t\t\t<div class=\"elementor-element elementor-element-9fa83c1 elementor-widget__width-inherit elementor-widget elementor-widget-image\" data-id=\"9fa83c1\" data-element_type=\"widget\" data-e-type=\"widget\" data-widget_type=\"image.default\">\n\t\t\t\t<div class=\"elementor-widget-container\">\n\t\t\t\t\t\t\t\t\t\t\t\t\t\t\t<img fetchpriority=\"high\" decoding=\"async\" width=\"756\" height=\"744\" src=\"https:\/\/www.tourmontparnasse56.com\/wp-content\/uploads\/2024\/02\/time-travel.png\" class=\"attachment-full size-full wp-image-25224\" alt=\"\" srcset=\"https:\/\/www.tourmontparnasse56.com\/wp-content\/uploads\/2024\/02\/time-travel.png 756w, https:\/\/www.tourmontparnasse56.com\/wp-content\/uploads\/2024\/02\/time-travel-300x295.png 300w\" sizes=\"(max-width: 756px) 100vw, 756px\" title=\"\">\t\t\t\t\t\t\t\t\t\t\t\t\t\t\t<\/div>\n\t\t\t\t<\/div>\n\t\t<div class=\"elementor-element elementor-element-3521a1d e-flex e-con-boxed e-con e-child\" data-id=\"3521a1d\" data-element_type=\"container\" data-e-type=\"container\" data-settings=\"{&quot;jet_parallax_layout_list&quot;:[]}\">\n\t\t\t\t\t<div class=\"e-con-inner\">\n\t\t\t\t<div class=\"elementor-element elementor-element-f05aca7 elementor-invisible elementor-widget elementor-widget-heading\" data-id=\"f05aca7\" data-element_type=\"widget\" data-e-type=\"widget\" data-settings=\"{&quot;_animation&quot;:&quot;fadeInUp&quot;}\" data-widget_type=\"heading.default\">\n\t\t\t\t<div class=\"elementor-widget-container\">\n\t\t\t\t\t<h2 class=\"elementor-heading-title elementor-size-default\">Une exp\u00e9rience immersive\n<\/h2>\t\t\t\t<\/div>\n\t\t\t\t<\/div>\n\t\t\t\t<div class=\"elementor-element elementor-element-64b5a28 elementor-widget__width-inherit styling-text-editor elementor-invisible elementor-widget elementor-widget-text-editor\" data-id=\"64b5a28\" data-element_type=\"widget\" data-e-type=\"widget\" data-settings=\"{&quot;_animation&quot;:&quot;fadeInUp&quot;,&quot;_animation_delay&quot;:200}\" data-widget_type=\"text-editor.default\">\n\t\t\t\t<div class=\"elementor-widget-container\">\n\t\t\t\t\t\t\t\t\t<ul>\n<li>La premi\u00e8re \u00e9tape du voyage dans le temps s&rsquo;arr\u00eate 50 ans en arri\u00e8re, \u00e0 l&rsquo;\u00e9poque de la construction de la Tour Montparnasse, un projet r\u00e9volutionnaire pour la capitale au d\u00e9but des ann\u00e9es 70, qui a r\u00e9v\u00e9l\u00e9 une vue unique sur la ville.<\/li>\n<li>Le voyage fait ensuite remonter le temps jusqu&rsquo;en 223 apr\u00e8s J.-C., lorsque Paris \u00e9tait encore Lut\u00e8ce, ville gallo-romaine dot\u00e9e de thermes et d&rsquo;un forum.<\/li>\n<li>L&rsquo;\u00e9tape suivante est m\u00e9di\u00e9vale : en 1419, la ville s&rsquo;est transform\u00e9e et devient de plus en plus importante. Paris est d\u00e9sormais la capitale du royaume de France. La cath\u00e9drale Notre-Dame de Paris, le Louvre et la Bastille font d\u00e9j\u00e0 partie du paysage !<\/li>\n<li>Les visiteurs d\u00e9couvrent ensuite la Tour Eiffel rouge, telle qu&rsquo;elle \u00e9tait quand elle a \u00e9t\u00e9 inaugur\u00e9e en 1889 \u00e0 l&rsquo;occasion de l&rsquo;Exposition universelle.<\/li>\n<li>La derni\u00e8re \u00e9tape du voyage dans le temps se poursuit avec une vid\u00e9o sur \u00e9cran g\u00e9ant, o\u00f9 les visiteurs vivent l&rsquo;\u00e9motion de survoler Paris comme un oiseau, en admirant la capitale depuis des points de vue uniques, pour un souvenir m\u00e9morable.<\/li>\n<\/ul>\n\t\t\t\t\t\t\t\t<\/div>\n\t\t\t\t<\/div>\n\t\t\t\t<div class=\"elementor-element elementor-element-e07b8c3 elementor-align-center elementor-invisible elementor-widget elementor-widget-button\" data-id=\"e07b8c3\" data-element_type=\"widget\" data-e-type=\"widget\" data-settings=\"{&quot;_animation&quot;:&quot;fadeInUp&quot;,&quot;_animation_delay&quot;:400}\" data-widget_type=\"button.default\">\n\t\t\t\t<div class=\"elementor-widget-container\">\n\t\t\t\t\t\t\t\t\t<div class=\"elementor-button-wrapper\">\n\t\t\t\t\t<a class=\"elementor-button elementor-button-link elementor-size-sm\" href=\"https:\/\/www.tourmontparnasse56.com\/fr\/billets\/\">\n\t\t\t\t\t\t<span class=\"elementor-button-content-wrapper\">\n\t\t\t\t\t\t\t\t\t<span class=\"elementor-button-text\">R\u00e9server des billets<\/span>\n\t\t\t\t\t<\/span>\n\t\t\t\t\t<\/a>\n\t\t\t\t<\/div>\n\t\t\t\t\t\t\t\t<\/div>\n\t\t\t\t<\/div>\n\t\t\t\t\t<\/div>\n\t\t\t\t<\/div>\n\t\t\t\t<\/div>\n\t\t<div class=\"elementor-element elementor-element-ef61d49 e-con-full e-flex e-con e-parent\" data-id=\"ef61d49\" data-element_type=\"container\" data-e-type=\"container\" data-settings=\"{&quot;background_background&quot;:&quot;classic&quot;,&quot;jet_parallax_layout_list&quot;:[]}\">\n\t\t\t\t<div class=\"elementor-element elementor-element-7735862 elementor-invisible elementor-widget elementor-widget-image-carousel\" data-id=\"7735862\" data-element_type=\"widget\" data-e-type=\"widget\" data-settings=\"{&quot;image_spacing_custom&quot;:{&quot;unit&quot;:&quot;px&quot;,&quot;size&quot;:32,&quot;sizes&quot;:[]},&quot;slides_to_show&quot;:&quot;3&quot;,&quot;slides_to_show_tablet&quot;:&quot;3&quot;,&quot;slides_to_show_mobile&quot;:&quot;2&quot;,&quot;pause_on_hover&quot;:&quot;no&quot;,&quot;speed&quot;:10000,&quot;navigation&quot;:&quot;none&quot;,&quot;image_spacing_custom_mobile&quot;:{&quot;unit&quot;:&quot;px&quot;,&quot;size&quot;:15,&quot;sizes&quot;:[]},&quot;_animation&quot;:&quot;fadeInLeft&quot;,&quot;image_spacing_custom_tablet&quot;:{&quot;unit&quot;:&quot;px&quot;,&quot;size&quot;:16,&quot;sizes&quot;:[]},&quot;autoplay&quot;:&quot;yes&quot;,&quot;pause_on_interaction&quot;:&quot;yes&quot;,&quot;infinite&quot;:&quot;yes&quot;}\" data-widget_type=\"image-carousel.default\">\n\t\t\t\t<div class=\"elementor-widget-container\">\n\t\t\t\t\t\t\t<div class=\"elementor-image-carousel-wrapper swiper\" role=\"region\" aria-roledescription=\"carousel\" aria-label=\"Carrousel d\u2019images\" dir=\"ltr\">\n\t\t\t<div class=\"elementor-image-carousel swiper-wrapper swiper-image-stretch\" aria-live=\"off\">\n\t\t\t\t\t\t\t\t<div class=\"swiper-slide\" role=\"group\" aria-roledescription=\"slide\" aria-label=\"1 sur 3\"><figure class=\"swiper-slide-inner\"><img decoding=\"async\" class=\"swiper-slide-image\" src=\"https:\/\/www.tourmontparnasse56.com\/wp-content\/uploads\/2024\/02\/77d20f71373f8654f898676e430b988a-scaled.jpg\" alt=\"77d20f71373f8654f898676e430b988a\" title=\"\"><\/figure><\/div><div class=\"swiper-slide\" role=\"group\" aria-roledescription=\"slide\" aria-label=\"2 sur 3\"><figure class=\"swiper-slide-inner\"><img decoding=\"async\" class=\"swiper-slide-image\" src=\"https:\/\/www.tourmontparnasse56.com\/wp-content\/uploads\/2024\/02\/86a36993808cc41e944b666231acb5c0-scaled.jpg\" alt=\"86a36993808cc41e944b666231acb5c0\" title=\"\"><\/figure><\/div><div class=\"swiper-slide\" role=\"group\" aria-roledescription=\"slide\" aria-label=\"3 sur 3\"><figure class=\"swiper-slide-inner\"><img decoding=\"async\" class=\"swiper-slide-image\" src=\"https:\/\/www.tourmontparnasse56.com\/wp-content\/uploads\/2024\/02\/a42ae75607bd0b217e2ea5af229e52c4.jpg\" alt=\"a42ae75607bd0b217e2ea5af229e52c4\" title=\"\"><\/figure><\/div>\t\t\t<\/div>\n\t\t\t\t\t\t\t\n\t\t\t\t\t\t\t\t\t<\/div>\n\t\t\t\t\t\t<\/div>\n\t\t\t\t<\/div>\n\t\t\t\t<div class=\"elementor-element elementor-element-9085652 elementor-invisible elementor-widget elementor-widget-image-carousel\" data-id=\"9085652\" data-element_type=\"widget\" data-e-type=\"widget\" data-settings=\"{&quot;image_spacing_custom&quot;:{&quot;unit&quot;:&quot;px&quot;,&quot;size&quot;:32,&quot;sizes&quot;:[]},&quot;slides_to_show&quot;:&quot;3&quot;,&quot;slides_to_show_tablet&quot;:&quot;3&quot;,&quot;slides_to_show_mobile&quot;:&quot;2&quot;,&quot;pause_on_hover&quot;:&quot;no&quot;,&quot;speed&quot;:10000,&quot;navigation&quot;:&quot;none&quot;,&quot;image_spacing_custom_mobile&quot;:{&quot;unit&quot;:&quot;px&quot;,&quot;size&quot;:15,&quot;sizes&quot;:[]},&quot;_animation&quot;:&quot;fadeInRight&quot;,&quot;image_spacing_custom_tablet&quot;:{&quot;unit&quot;:&quot;px&quot;,&quot;size&quot;:16,&quot;sizes&quot;:[]},&quot;autoplay&quot;:&quot;yes&quot;,&quot;pause_on_interaction&quot;:&quot;yes&quot;,&quot;infinite&quot;:&quot;yes&quot;}\" data-widget_type=\"image-carousel.default\">\n\t\t\t\t<div class=\"elementor-widget-container\">\n\t\t\t\t\t\t\t<div class=\"elementor-image-carousel-wrapper swiper\" role=\"region\" aria-roledescription=\"carousel\" aria-label=\"Carrousel d\u2019images\" dir=\"rtl\">\n\t\t\t<div class=\"elementor-image-carousel swiper-wrapper swiper-image-stretch\" aria-live=\"off\">\n\t\t\t\t\t\t\t\t<div class=\"swiper-slide\" role=\"group\" aria-roledescription=\"slide\" aria-label=\"1 sur 3\"><figure class=\"swiper-slide-inner\"><img decoding=\"async\" class=\"swiper-slide-image\" src=\"https:\/\/www.tourmontparnasse56.com\/wp-content\/uploads\/2024\/02\/bc5432eea61307fbe949b89ec1057cef.jpg\" alt=\"bc5432eea61307fbe949b89ec1057cef\" title=\"\"><\/figure><\/div><div class=\"swiper-slide\" role=\"group\" aria-roledescription=\"slide\" aria-label=\"2 sur 3\"><figure class=\"swiper-slide-inner\"><img decoding=\"async\" class=\"swiper-slide-image\" src=\"https:\/\/www.tourmontparnasse56.com\/wp-content\/uploads\/2024\/02\/c4253d0082980233a40f7130e7d56a93.jpg\" alt=\"c4253d0082980233a40f7130e7d56a93\" title=\"\"><\/figure><\/div><div class=\"swiper-slide\" role=\"group\" aria-roledescription=\"slide\" aria-label=\"3 sur 3\"><figure class=\"swiper-slide-inner\"><img decoding=\"async\" class=\"swiper-slide-image\" src=\"https:\/\/www.tourmontparnasse56.com\/wp-content\/uploads\/2024\/02\/c41923755265f26d2bdeea1dd1a72d30-1.jpg\" alt=\"c41923755265f26d2bdeea1dd1a72d30\" title=\"\"><\/figure><\/div>\t\t\t<\/div>\n\t\t\t\t\t\t\t\n\t\t\t\t\t\t\t\t\t<\/div>\n\t\t\t\t\t\t<\/div>\n\t\t\t\t<\/div>\n\t\t\t\t<\/div>\n\t\t<div class=\"elementor-element elementor-element-2af68e8 e-flex e-con-boxed e-con e-parent\" data-id=\"2af68e8\" data-element_type=\"container\" data-e-type=\"container\" data-settings=\"{&quot;background_background&quot;:&quot;classic&quot;,&quot;jet_parallax_layout_list&quot;:[]}\">\n\t\t\t\t\t<div class=\"e-con-inner\">\n\t\t<div class=\"elementor-element elementor-element-f59baae e-con-full e-flex e-con e-child\" data-id=\"f59baae\" data-element_type=\"container\" data-e-type=\"container\" data-settings=\"{&quot;jet_parallax_layout_list&quot;:[]}\">\n\t\t\t\t<div class=\"elementor-element elementor-element-8568379 elementor-invisible elementor-widget elementor-widget-heading\" data-id=\"8568379\" data-element_type=\"widget\" data-e-type=\"widget\" data-settings=\"{&quot;_animation&quot;:&quot;fadeInUp&quot;}\" data-widget_type=\"heading.default\">\n\t\t\t\t<div class=\"elementor-widget-container\">\n\t\t\t\t\t<h2 class=\"elementor-heading-title elementor-size-default\">Visiter aujourd'hui<\/h2>\t\t\t\t<\/div>\n\t\t\t\t<\/div>\n\t\t\t\t<div class=\"elementor-element elementor-element-972d1ad elementor-widget__width-inherit elementor-invisible elementor-widget elementor-widget-text-editor\" data-id=\"972d1ad\" data-element_type=\"widget\" data-e-type=\"widget\" data-settings=\"{&quot;_animation&quot;:&quot;fadeInUp&quot;,&quot;_animation_delay&quot;:200}\" data-widget_type=\"text-editor.default\">\n\t\t\t\t<div class=\"elementor-widget-container\">\n\t\t\t\t\t\t\t\t\t<p>Depuis son Observatoire, situ\u00e9 au 56\u00e8me \u00e9tage et le rooftop de la Tour, Paris Montparnasse offre les plus belles vues de la capitale \u00e0 360\u00b0. Gagnez du temps en r\u00e9servant votre visite en ligne, c&rsquo;est aussi moins cher !<\/p>\n\t\t\t\t\t\t\t\t<\/div>\n\t\t\t\t<\/div>\n\t\t\t\t<div class=\"elementor-element elementor-element-091224d elementor-align-left elementor-invisible elementor-widget elementor-widget-button\" data-id=\"091224d\" data-element_type=\"widget\" data-e-type=\"widget\" data-settings=\"{&quot;_animation&quot;:&quot;fadeInUp&quot;,&quot;_animation_delay&quot;:200}\" data-widget_type=\"button.default\">\n\t\t\t\t<div class=\"elementor-widget-container\">\n\t\t\t\t\t\t\t\t\t<div class=\"elementor-button-wrapper\">\n\t\t\t\t\t<a class=\"elementor-button elementor-button-link elementor-size-sm\" href=\"https:\/\/www.tourmontparnasse56.com\/fr\/billets\/\">\n\t\t\t\t\t\t<span class=\"elementor-button-content-wrapper\">\n\t\t\t\t\t\t\t\t\t<span class=\"elementor-button-text\">Billets<\/span>\n\t\t\t\t\t<\/span>\n\t\t\t\t\t<\/a>\n\t\t\t\t<\/div>\n\t\t\t\t\t\t\t\t<\/div>\n\t\t\t\t<\/div>\n\t\t\t\t<\/div>\n\t\t\t\t\t<\/div>\n\t\t\t\t<\/div>\n\t\t\t\t<\/div>\n\t\t","protected":false},"excerpt":{"rendered":"<p>Paris, un voyage dans le temps unique Remontez le temps jusqu&rsquo;\u00e0 l&rsquo;Antiquit\u00e9 et d\u00e9couvrez l&rsquo;histoire de Paris avec la r\u00e9alit\u00e9 virtuelle au rendu \u00e9poustouflant. En savoir plus PARIS \u00c0 TRAVERS LES \u00c2GES L&rsquo;Observatoire de Paris Montparnasse pr\u00e9sente une exp\u00e9rience innovante et accessible \u00e0 tous les visiteurs : un voyage dans le temps au c\u0153ur de [&hellip;]<\/p>\n","protected":false},"author":3,"featured_media":0,"parent":0,"menu_order":0,"comment_status":"closed","ping_status":"closed","template":"","meta":{"footnotes":""},"class_list":["post-25217","page","type-page","status-publish","hentry"],"_links":{"self":[{"href":"https:\/\/www.tourmontparnasse56.com\/fr\/wp-json\/wp\/v2\/pages\/25217","targetHints":{"allow":["GET"]}}],"collection":[{"href":"https:\/\/www.tourmontparnasse56.com\/fr\/wp-json\/wp\/v2\/pages"}],"about":[{"href":"https:\/\/www.tourmontparnasse56.com\/fr\/wp-json\/wp\/v2\/types\/page"}],"author":[{"embeddable":true,"href":"https:\/\/www.tourmontparnasse56.com\/fr\/wp-json\/wp\/v2\/users\/3"}],"replies":[{"embeddable":true,"href":"https:\/\/www.tourmontparnasse56.com\/fr\/wp-json\/wp\/v2\/comments?post=25217"}],"version-history":[{"count":23,"href":"https:\/\/www.tourmontparnasse56.com\/fr\/wp-json\/wp\/v2\/pages\/25217\/revisions"}],"predecessor-version":[{"id":27265,"href":"https:\/\/www.tourmontparnasse56.com\/fr\/wp-json\/wp\/v2\/pages\/25217\/revisions\/27265"}],"wp:attachment":[{"href":"https:\/\/www.tourmontparnasse56.com\/fr\/wp-json\/wp\/v2\/media?parent=25217"}],"curies":[{"name":"wp","href":"https:\/\/api.w.org\/{rel}","templated":true}]}}